{"id":99,"date":"2025-09-18T05:27:34","date_gmt":"2025-09-18T05:27:34","guid":{"rendered":"https:\/\/www.parafiakonarzewo.pl\/?page_id=99"},"modified":"2025-09-18T05:27:34","modified_gmt":"2025-09-18T05:27:34","slug":"sakrament-pokuty-i-pojednania","status":"publish","type":"page","link":"https:\/\/www.parafiakonarzewo.pl\/index.php\/sakrament-pokuty-i-pojednania\/","title":{"rendered":"Sakrament pokuty i pojednania"},"content":{"rendered":"\n<p>Do spowiedzi \u015bw. mo\u017cna przyst\u0105pi\u0107 w naszej parafii w nast\u0119puj\u0105cych terminach:<\/p>\n\n\n\n<ul class=\"wp-block-list\">\n<li>Od poniedzia\u0142ku do niedzieli od godz. 17.30 do godz. 17.50 w konfesjonale z ty\u0142u ko\u015bcio\u0142a.<\/li>\n\n\n\n<li>W niedziel\u0119 i w \u015bwi\u0119ta nakazane, b\u0119d\u0105ce ustawowo dniami wolnymi od pracy w czasie mszy o godz. 8.00, 11.00 oraz 12.30 w konfesjonale w kaplicy Mi\u0142osierdzia Bo\u017cego (w niedziele lipca i sierpnia od godz. 7.30 do godz. 7.50 oraz od godz. 17.30 do godz. 17.50 w konfesjonale z ty\u0142u ko\u015bcio\u0142a).<\/li>\n\n\n\n<li>W kaplicy w Dopiewcu: w czwartki, w kt\u00f3re odprawiana jest msza \u015bwi\u0119ta o godz. 19.00, spowied\u017a odbywa si\u0119 o godz. 18.45.<\/li>\n\n\n\n<li>Dodatkowo mo\u017cna te\u017c poprosi\u0107 kap\u0142ana o sakrament pokuty indywidualnie.<\/li>\n<\/ul>\n\n\n\n<p>W pierwsze pi\u0105tki miesi\u0105ca spowiadamy od godz. 16.30 do godz. 17.50.<\/p>\n\n\n\n<p>Dzieci przygotowuj\u0105ce si\u0119 do pe\u0142nego udzia\u0142u w Eucharystii przyst\u0119puj\u0105 przed I Komuni\u0105 \u015bw. do spowiedzi dwukrotnie: pierwszy raz na oko\u0142o miesi\u0105c przed Komuni\u0105 \u015bw., a nast\u0119pnie w sobot\u0119 (lub pi\u0105tek) poprzedzaj\u0105cy Komuni\u0119 \u015bw.<\/p>\n","protected":false},"excerpt":{"rendered":"<p>Do spowiedzi \u015bw. mo\u017cna przyst\u0105pi\u0107 w naszej parafii w nast\u0119puj\u0105cych terminach: W pierwsze pi\u0105tki miesi\u0105ca spowiadamy od godz. 16.30 do godz. 17.50. Dzieci przygotowuj\u0105ce si\u0119 do pe\u0142nego udzia\u0142u w Eucharystii przyst\u0119puj\u0105 przed I Komuni\u0105 \u015bw. do spowiedzi dwukrotnie: pierwszy raz na oko\u0142o miesi\u0105c przed Komuni\u0105 \u015bw., a nast\u0119pnie w sobot\u0119 (lub pi\u0105tek) poprzedzaj\u0105cy Komuni\u0119 \u015bw.<\/p>\n","protected":false},"author":1,"featured_media":0,"parent":0,"menu_order":0,"comment_status":"closed","ping_status":"closed","template":"","meta":{"footnotes":""},"class_list":["post-99","page","type-page","status-publish","hentry"],"_links":{"self":[{"href":"https:\/\/www.parafiakonarzewo.pl\/index.php\/wp-json\/wp\/v2\/pages\/99","targetHints":{"allow":["GET"]}}],"collection":[{"href":"https:\/\/www.parafiakonarzewo.pl\/index.php\/wp-json\/wp\/v2\/pages"}],"about":[{"href":"https:\/\/www.parafiakonarzewo.pl\/index.php\/wp-json\/wp\/v2\/types\/page"}],"author":[{"embeddable":true,"href":"https:\/\/www.parafiakonarzewo.pl\/index.php\/wp-json\/wp\/v2\/users\/1"}],"replies":[{"embeddable":true,"href":"https:\/\/www.parafiakonarzewo.pl\/index.php\/wp-json\/wp\/v2\/comments?post=99"}],"version-history":[{"count":1,"href":"https:\/\/www.parafiakonarzewo.pl\/index.php\/wp-json\/wp\/v2\/pages\/99\/revisions"}],"predecessor-version":[{"id":100,"href":"https:\/\/www.parafiakonarzewo.pl\/index.php\/wp-json\/wp\/v2\/pages\/99\/revisions\/100"}],"wp:attachment":[{"href":"https:\/\/www.parafiakonarzewo.pl\/index.php\/wp-json\/wp\/v2\/media?parent=99"}],"curies":[{"name":"wp","href":"https:\/\/api.w.org\/{rel}","templated":true}]}}