{"id":97,"date":"2025-09-18T05:27:09","date_gmt":"2025-09-18T05:27:09","guid":{"rendered":"https:\/\/www.parafiakonarzewo.pl\/?page_id=97"},"modified":"2025-09-18T05:27:09","modified_gmt":"2025-09-18T05:27:09","slug":"sakrament-namaszczenia-chorych","status":"publish","type":"page","link":"https:\/\/www.parafiakonarzewo.pl\/index.php\/sakrament-namaszczenia-chorych\/","title":{"rendered":"Sakrament namaszczenia chorych"},"content":{"rendered":"\n<p>Udzielamy na indywidualn\u0105 pro\u015bb\u0119 zg\u0142oszon\u0105 w zakrystii albo podczas comiesi\u0119cznego obchodu chorych a tak\u017ce w zwi\u0105zku z \u015awiatowym Dniem Chorego i wspomnieniem NMP z Lourdes czyli 11 lutego i w jedn\u0105 z sob\u00f3t pa\u017adziernika.<\/p>\n","protected":false},"excerpt":{"rendered":"","protected":false},"author":1,"featured_media":0,"parent":0,"menu_order":0,"comment_status":"closed","ping_status":"closed","template":"","meta":{"footnotes":""},"class_list":["post-97","page","type-page","status-publish","hentry"],"_links":{"self":[{"href":"https:\/\/www.parafiakonarzewo.pl\/index.php\/wp-json\/wp\/v2\/pages\/97","targetHints":{"allow":["GET"]}}],"collection":[{"href":"https:\/\/www.parafiakonarzewo.pl\/index.php\/wp-json\/wp\/v2\/pages"}],"about":[{"href":"https:\/\/www.parafiakonarzewo.pl\/index.php\/wp-json\/wp\/v2\/types\/page"}],"author":[{"embeddable":true,"href":"https:\/\/www.parafiakonarzewo.pl\/index.php\/wp-json\/wp\/v2\/users\/1"}],"replies":[{"embeddable":true,"href":"https:\/\/www.parafiakonarzewo.pl\/index.php\/wp-json\/wp\/v2\/comments?post=97"}],"version-history":[{"count":1,"href":"https:\/\/www.parafiakonarzewo.pl\/index.php\/wp-json\/wp\/v2\/pages\/97\/revisions"}],"predecessor-version":[{"id":98,"href":"https:\/\/www.parafiakonarzewo.pl\/index.php\/wp-json\/wp\/v2\/pages\/97\/revisions\/98"}],"wp:attachment":[{"href":"https:\/\/www.parafiakonarzewo.pl\/index.php\/wp-json\/wp\/v2\/media?parent=97"}],"curies":[{"name":"wp","href":"https:\/\/api.w.org\/{rel}","templated":true}]}}