{"id":95,"date":"2025-09-18T05:26:42","date_gmt":"2025-09-18T05:26:42","guid":{"rendered":"https:\/\/www.parafiakonarzewo.pl\/?page_id=95"},"modified":"2025-09-18T05:26:42","modified_gmt":"2025-09-18T05:26:42","slug":"sakrament-malzenstwa","status":"publish","type":"page","link":"https:\/\/www.parafiakonarzewo.pl\/index.php\/sakrament-malzenstwa\/","title":{"rendered":"Sakrament ma\u0142\u017ce\u0144stwa"},"content":{"rendered":"\n<blockquote class=\"wp-block-quote is-layout-flow wp-block-quote-is-layout-flow\">\n<p>Przymierze ma\u0142\u017ce\u0144skie, przez kt\u00f3re m\u0119\u017cczyzna i kobieta tworz\u0105 ze sob\u0105 wsp\u00f3lnot\u0119 ca\u0142ego \u017cycia, skierowan\u0105 ze swej natury na dobro ma\u0142\u017conk\u00f3w oraz do zrodzenia i wychowania potomstwa, zosta\u0142o mi\u0119dzy ochrzczonymi podniesione przez Chrystusa Pana do godno\u015bci sakramentu (KKK 1601)<\/p>\n<\/blockquote>\n\n\n\n<h4 class=\"wp-block-heading\">Przygotowanie do sakramentu ma\u0142\u017ce\u0144stwa obejmuje:<\/h4>\n\n\n\n<ol class=\"wp-block-list\">\n<li>Katechez\u0119 przedma\u0142\u017ce\u0144sk\u0105 &#8211; tzw. <em><a href=\"http:\/\/www.parafiakonarzewo.pl\/parafia\/sakramenty\/malzenstwo\/weekendowe-katechezy-przedmalzenskie\">KURS PRZEDMA\u0141\u017bE\u0143SKI<\/a><\/em>.<\/li>\n\n\n\n<li>Spotkania w poradni rodzinnej<\/li>\n\n\n\n<li>Zg\u0142oszenie si\u0119 do Proboszcza celem prawnego i liturgicznego przygotowania do sakramentu ma\u0142\u017ce\u0144stwa &#8211; przynajmniej na 3 miesi\u0105ce przed planowanym \u015blubem<\/li>\n\n\n\n<li>Zg\u0142oszenie si\u0119 do Urz\u0119du Stanu Cywilnego (ma\u0142\u017ce\u0144stwa konkordatowe) celem uzyskania za\u015bwiadczenia koniecznego do uznania ma\u0142\u017ce\u0144stwa ko\u015bcielnego przez Rzeczpospolit\u0105 Polsk\u0105.<\/li>\n<\/ol>\n\n\n\n<h4 class=\"wp-block-heading\">Dokumenty, jakie nale\u017cy przedstawi\u0107 w Biurze Parafialnym:<\/h4>\n\n\n\n<ol class=\"wp-block-list\">\n<li>aktualne metryki chrztu narzeczonych \u00a0(wydane nie\u00a0wcze\u015bniej ni\u017c 3 miesi\u0105ce wstecz)<\/li>\n\n\n\n<li>dowody osobiste<\/li>\n\n\n\n<li>\u015bwiadectwo uko\u0144czenia szko\u0142y ponadgimnazjalnej z ocen\u0105 z katechezy<\/li>\n\n\n\n<li>za\u015bwiadczenie o uko\u0144czeniu katechez (tzw. kurs) przedma\u0142\u017ce\u0144skich (a tak\u017ce \u015bwiadectwo spotka\u0144 w poradni ma\u0142\u017ce\u0144skiej)<\/li>\n\n\n\n<li>za\u015bwiadczenie z Urz\u0119du Stanu Cywilnego (niezb\u0119dne gdy narzeczeni chc\u0105 zawrze\u0107 ma\u0142\u017ce\u0144stwo ze skutkami cywilnoprawnymi, tzw. \u015blub konkordatowy) lub akt \u015blubu, je\u015bli wcze\u015bniej zawarto zwi\u0105zek cywilny<\/li>\n\n\n\n<li>do proboszcza zg\u0142aszamy si\u0119 co najmniej na 3 miesi\u0105ce przed planowan\u0105 dat\u0105 \u015blubu\u00a0<\/li>\n<\/ol>\n","protected":false},"excerpt":{"rendered":"<p>Przymierze ma\u0142\u017ce\u0144skie, przez kt\u00f3re m\u0119\u017cczyzna i kobieta tworz\u0105 ze sob\u0105 wsp\u00f3lnot\u0119 ca\u0142ego \u017cycia, skierowan\u0105 ze swej natury na dobro ma\u0142\u017conk\u00f3w oraz do zrodzenia i wychowania potomstwa, zosta\u0142o mi\u0119dzy ochrzczonymi podniesione przez Chrystusa Pana do godno\u015bci sakramentu (KKK 1601) Przygotowanie do sakramentu ma\u0142\u017ce\u0144stwa obejmuje: Dokumenty, jakie nale\u017cy przedstawi\u0107 w Biurze Parafialnym:<\/p>\n","protected":false},"author":1,"featured_media":0,"parent":0,"menu_order":0,"comment_status":"closed","ping_status":"closed","template":"","meta":{"footnotes":""},"class_list":["post-95","page","type-page","status-publish","hentry"],"_links":{"self":[{"href":"https:\/\/www.parafiakonarzewo.pl\/index.php\/wp-json\/wp\/v2\/pages\/95","targetHints":{"allow":["GET"]}}],"collection":[{"href":"https:\/\/www.parafiakonarzewo.pl\/index.php\/wp-json\/wp\/v2\/pages"}],"about":[{"href":"https:\/\/www.parafiakonarzewo.pl\/index.php\/wp-json\/wp\/v2\/types\/page"}],"author":[{"embeddable":true,"href":"https:\/\/www.parafiakonarzewo.pl\/index.php\/wp-json\/wp\/v2\/users\/1"}],"replies":[{"embeddable":true,"href":"https:\/\/www.parafiakonarzewo.pl\/index.php\/wp-json\/wp\/v2\/comments?post=95"}],"version-history":[{"count":1,"href":"https:\/\/www.parafiakonarzewo.pl\/index.php\/wp-json\/wp\/v2\/pages\/95\/revisions"}],"predecessor-version":[{"id":96,"href":"https:\/\/www.parafiakonarzewo.pl\/index.php\/wp-json\/wp\/v2\/pages\/95\/revisions\/96"}],"wp:attachment":[{"href":"https:\/\/www.parafiakonarzewo.pl\/index.php\/wp-json\/wp\/v2\/media?parent=95"}],"curies":[{"name":"wp","href":"https:\/\/api.w.org\/{rel}","templated":true}]}}