{"id":93,"date":"2025-09-18T05:26:20","date_gmt":"2025-09-18T05:26:20","guid":{"rendered":"https:\/\/www.parafiakonarzewo.pl\/?page_id=93"},"modified":"2025-10-10T08:10:09","modified_gmt":"2025-10-10T08:10:09","slug":"sakrament-eucharystii","status":"publish","type":"page","link":"https:\/\/www.parafiakonarzewo.pl\/index.php\/sakrament-eucharystii\/","title":{"rendered":"Sakrament Eucharystii"},"content":{"rendered":"\n<p>Pierwsza Komunia \u015awi\u0119ta odbywa si\u0119 w kilku grupach,<strong> zawsze w drug\u0105 niedziel\u0119 maja i w sobot\u0119 przed drug\u0105 niedziel\u0105 maja<\/strong>. Zapisy na dany termin odbywaj\u0105 si\u0119 w czerwcu roku poprzedzaj\u0105cego Pierwsz\u0105 Komuni\u0119.<\/p>\n\n\n\n<p>Pierwsza Komunia \u015awi\u0119ta w roku 2026 odb\u0119dzie si\u0119 w nast\u0119puj\u0105cych terminach:<\/p>\n\n\n\n<ul class=\"wp-block-list\">\n<li>9 maja o godz. 10.00<\/li>\n\n\n\n<li>9 maja o godz. 12.00<\/li>\n\n\n\n<li>9 maja o godz. 14.00<\/li>\n\n\n\n<li>10 maja o godz. 10.30<\/li>\n\n\n\n<li>10 maja o godz. 12.30<\/li>\n<\/ul>\n\n\n\n<p>Szczeg\u00f3\u0142owe informacje s\u0105 podawane podczas spotka\u0144 dla rodzic\u00f3w. Terminy spotka\u0144 s\u0105 publikowane w og\u0142oszeniach parafialnych.<\/p>\n","protected":false},"excerpt":{"rendered":"<p>Pierwsza Komunia \u015awi\u0119ta odbywa si\u0119 w kilku grupach, zawsze w drug\u0105 niedziel\u0119 maja i w sobot\u0119 przed drug\u0105 niedziel\u0105 maja. Zapisy na dany termin odbywaj\u0105 si\u0119 w czerwcu roku poprzedzaj\u0105cego Pierwsz\u0105 Komuni\u0119. Pierwsza Komunia \u015awi\u0119ta w roku 2026 odb\u0119dzie si\u0119 w nast\u0119puj\u0105cych terminach: Szczeg\u00f3\u0142owe informacje s\u0105 podawane podczas spotka\u0144 dla rodzic\u00f3w. Terminy spotka\u0144 s\u0105 publikowane<\/p>\n<div class=\"more-link\">\n\t\t\t\t <a href=\"https:\/\/www.parafiakonarzewo.pl\/index.php\/sakrament-eucharystii\/\" class=\"btn theme-btn inverted\"><span>Read More <\/span><\/a>\n\t\t\t<\/div>\n","protected":false},"author":1,"featured_media":0,"parent":0,"menu_order":0,"comment_status":"closed","ping_status":"closed","template":"","meta":{"footnotes":""},"class_list":["post-93","page","type-page","status-publish","hentry"],"_links":{"self":[{"href":"https:\/\/www.parafiakonarzewo.pl\/index.php\/wp-json\/wp\/v2\/pages\/93","targetHints":{"allow":["GET"]}}],"collection":[{"href":"https:\/\/www.parafiakonarzewo.pl\/index.php\/wp-json\/wp\/v2\/pages"}],"about":[{"href":"https:\/\/www.parafiakonarzewo.pl\/index.php\/wp-json\/wp\/v2\/types\/page"}],"author":[{"embeddable":true,"href":"https:\/\/www.parafiakonarzewo.pl\/index.php\/wp-json\/wp\/v2\/users\/1"}],"replies":[{"embeddable":true,"href":"https:\/\/www.parafiakonarzewo.pl\/index.php\/wp-json\/wp\/v2\/comments?post=93"}],"version-history":[{"count":3,"href":"https:\/\/www.parafiakonarzewo.pl\/index.php\/wp-json\/wp\/v2\/pages\/93\/revisions"}],"predecessor-version":[{"id":219,"href":"https:\/\/www.parafiakonarzewo.pl\/index.php\/wp-json\/wp\/v2\/pages\/93\/revisions\/219"}],"wp:attachment":[{"href":"https:\/\/www.parafiakonarzewo.pl\/index.php\/wp-json\/wp\/v2\/media?parent=93"}],"curies":[{"name":"wp","href":"https:\/\/api.w.org\/{rel}","templated":true}]}}