{"id":91,"date":"2025-09-18T05:25:54","date_gmt":"2025-09-18T05:25:54","guid":{"rendered":"https:\/\/www.parafiakonarzewo.pl\/?page_id=91"},"modified":"2025-09-18T05:25:54","modified_gmt":"2025-09-18T05:25:54","slug":"sakrament-chrztu","status":"publish","type":"page","link":"https:\/\/www.parafiakonarzewo.pl\/index.php\/sakrament-chrztu\/","title":{"rendered":"Sakrament chrztu"},"content":{"rendered":"\n<blockquote class=\"wp-block-quote is-layout-flow wp-block-quote-is-layout-flow\">\n<p><em>Chrzest \u015bwi\u0119ty jest fundamentem ca\u0142ego \u017cycia chrze\u015bcija\u0144skiego, bram\u0105 \u017cycia w Duchu (vitae spiritualis ianua) i bram\u0105 otwieraj\u0105c\u0105 dost\u0119p do innych sakrament\u00f3w. Przez chrzest zostajemy wyzwoleni od grzechu i odrodzeni jako synowie Bo\u017cy, stajemy si\u0119 cz\u0142onkami Chrystusa oraz zostajemy wszczepieni w Ko\u015bci\u00f3\u0142 i stajemy si\u0119 uczestnikami jego pos\u0142ania: &#8220;Chrzest jest sakramentem odrodzenia przez wod\u0119 i w s\u0142owie&#8221; (KKK 1213).<\/em><\/p>\n\n\n\n<p><em>Poniewa\u017c warunkiem koniecznym udzielenia sakramentu chrztu \u015bw. jest z\u0142o\u017cenie wyznania wiary, chrztu niemowl\u0105t dokonuje si\u0119 w oparciu o wiar\u0119 rodzic\u00f3w dziecka i rodzic\u00f3w chrzestnych (Synod pozna\u0144ski 2004-2008).<\/em><\/p>\n<\/blockquote>\n\n\n\n<p><strong>Sakramentu chrztu \u015bwi\u0119tego udzielamy dzieciom:<\/strong><\/p>\n\n\n\n<ul class=\"wp-block-list\">\n<li>w I niedziel\u0119 miesi\u0105ca <strong>podczas mszy<\/strong> o godz. 12.30 (w lipcu i sierpniu <strong>podczas mszy<\/strong> o godz. 11.00)<\/li>\n\n\n\n<li>w pozosta\u0142e niedziele miesi\u0105ca <strong>po zako\u0144czeniu mszy<\/strong> o godz. 12.30 (w lipcu i sierpniu <strong>po zako\u0144czeniu mszy<\/strong> o godz. 11.00).<\/li>\n<\/ul>\n\n\n\n<p><strong>Katecheza przygotowuj\u0105ca rodzic\u00f3w i chrzestnych<\/strong> odbywa si\u0119 w I i III \u015brod\u0119 miesi\u0105ca (terminy katechez s\u0105 podawane na bie\u017c\u0105co w og\u0142oszeniach parafialnych) w ko\u015bciele po zako\u0144czeniu Mszy \u015aw. wieczornej (ewentualnie po zako\u0144czeniu nabo\u017ce\u0144stwa po Mszy \u015aw.). W przypadku, gdy w \u015brod\u0119 przypada \u015bwi\u0119to nakazane, katecheza si\u0119 nie odb\u0119dzie.<\/p>\n\n\n\n<p>Rodzice i chrzestni winni podczas liturgii chrzcielnej przyst\u0105pi\u0107 do Komunii \u015awi\u0119tej i ofiarowa\u0107 j\u0105 w intencji dziecka. Z sakramentu pojednania skorzysta\u0107 mo\u017cna w parafii codziennie p\u00f3\u0142 godziny przed wieczorn\u0105 Msz\u0105 \u015bwi\u0119t\u0105 oraz na pocz\u0105tku Mszy dopo\u0142udniowych w niedziele. Nie jest to mo\u017cliwe ze strony rodzic\u00f3w dziecka pozostaj\u0105cych w niesakramentalnym zwi\u0105zku (konkubinat, zwi\u0105zek cywilny). Rodzice, kt\u00f3rzy nie mog\u0105 otrzyma\u0107 sakramentalnego rozgrzeszenia (trwaj\u0105c w stanie wskazuj\u0105cym na brak mo\u017cliwo\u015bci podj\u0119cia uczciwego postanowienia poprawy), mog\u0105 zjednoczy\u0107 si\u0119 z Bogiem w modlitwie w intencjach swojego dziecka.<\/p>\n\n\n\n<p><strong>Dokumenty. <\/strong>Zg\u0142aszaj\u0105c dziecko do chrztu \u015bwi\u0119tego nale\u017cy najpierw ustali\u0107 termin chrztu (oko\u0142o miesi\u0105c wcze\u015bniej), a nast\u0119pnie dwa tygodnie przed chrztem uda\u0107 si\u0119 do biura parafialnego i przedstawi\u0107:<\/p>\n\n\n\n<ul class=\"wp-block-list\">\n<li>metryk\u0119 urodzenia dziecka (Odpis aktu urodzenia z Urz\u0119du Stanu Cywilnego)<\/li>\n\n\n\n<li>w przypadku rodzic\u00f3w, kt\u00f3rzy zwi\u0105zek ma\u0142\u017ce\u0144ski zawierali poza nasz\u0105 parafi\u0105 &#8211;\u00a0 \u015bwiadectwo \u015blubu ko\u015bcielnego<\/li>\n\n\n\n<li>w przypadku rodzic\u00f3w, kt\u00f3rzy\u00a0\u017cyj\u0105 w zwi\u0105zku pozasakramentalnym &#8211; \u015bwiadectwo zawarcia ma\u0142\u017ce\u0144stwa w Urz\u0119dzie Stanu Cywilnego.<\/li>\n<\/ul>\n\n\n\n<p>Rodzice dziecka, kt\u00f3rzy \u017cyj\u0105 w zwi\u0105zku niesakramentalnym musz\u0105 z\u0142o\u017cy\u0107 zobowi\u0105zanie do katolickiego wychowania dziecka.<\/p>\n\n\n\n<p><strong>Chrzestni winni by\u0107 \u015bwiadkami wiary.<\/strong> Nie s\u0105 oni bowiem jedynie \u015bwiadkami ceremonii chrzcielnej! W zwi\u0105zku z tym powinni spe\u0142nia\u0107 okre\u015blone przez Ko\u015bci\u00f3\u0142 wymagania:<\/p>\n\n\n\n<ol class=\"wp-block-list\">\n<li>winni mie\u0107 uko\u0144czone 16 lat, przyj\u0119ty sakrament bierzmowania i by\u0107 katolikami wyznaj\u0105cymi sw\u0105 wiar\u0119 \u017cyciem zgodnym z nauk\u0105 Ko\u015bcio\u0142a;<\/li>\n\n\n\n<li>rodzicami chrzestnymi nie mog\u0105 by\u0107 osoby \u017cyj\u0105ce w zwi\u0105zku niesakramentalnym (kontrakt cywilny lub bez \u017cadnych zobowi\u0105za\u0144 prawnych) oraz m\u0142odzie\u017c, kt\u00f3ra nie uczestniczy w katechizacji;<\/li>\n\n\n\n<li>winni przedstawi\u0107 wystawione przez w\u0142asnego proboszcza odpowiednie za\u015bwiadczenie o zdolno\u015bci do pe\u0142nienia funkcji rodzica chrzestnego (pochodz\u0105cy z innych parafii ni\u017c parafia dziecka);<\/li>\n\n\n\n<li>dla s\u0142usznej przyczyny wolno dopu\u015bci\u0107 wiernego prawos\u0142awnego do pe\u0142nienia roli chrzestnego obok chrzestnego katolickiego (lub matki chrzestnej katolickiej) w chrzcie dziecka lub doros\u0142ego katolika pod warunkiem jednak wystarczaj\u0105cego zabezpieczenia edukacji ochrzczonego oraz wiedzy o tym, \u017ce dany chrzestny nadaje si\u0119 do tej roli;<\/li>\n\n\n\n<li>jako \u015bwiadek chrztu \u015bw. mo\u017ce by\u0107 dopuszczony ochrzczony, nale\u017c\u0105cy do niekatolickiej wsp\u00f3lnoty chrze\u015bcija\u0144skiej i to tylko razem z chrzestnym katolikiem (Synod pozna\u0144ski 2004-2008, Statut 511 &#8211; 512).<\/li>\n<\/ol>\n","protected":false},"excerpt":{"rendered":"<p>Chrzest \u015bwi\u0119ty jest fundamentem ca\u0142ego \u017cycia chrze\u015bcija\u0144skiego, bram\u0105 \u017cycia w Duchu (vitae spiritualis ianua) i bram\u0105 otwieraj\u0105c\u0105 dost\u0119p do innych sakrament\u00f3w. Przez chrzest zostajemy wyzwoleni od grzechu i odrodzeni jako synowie Bo\u017cy, stajemy si\u0119 cz\u0142onkami Chrystusa oraz zostajemy wszczepieni w Ko\u015bci\u00f3\u0142 i stajemy si\u0119 uczestnikami jego pos\u0142ania: &#8220;Chrzest jest sakramentem odrodzenia przez wod\u0119 i w<\/p>\n<div class=\"more-link\">\n\t\t\t\t <a href=\"https:\/\/www.parafiakonarzewo.pl\/index.php\/sakrament-chrztu\/\" class=\"btn theme-btn inverted\"><span>Read More <\/span><\/a>\n\t\t\t<\/div>\n","protected":false},"author":1,"featured_media":0,"parent":0,"menu_order":0,"comment_status":"closed","ping_status":"closed","template":"","meta":{"footnotes":""},"class_list":["post-91","page","type-page","status-publish","hentry"],"_links":{"self":[{"href":"https:\/\/www.parafiakonarzewo.pl\/index.php\/wp-json\/wp\/v2\/pages\/91","targetHints":{"allow":["GET"]}}],"collection":[{"href":"https:\/\/www.parafiakonarzewo.pl\/index.php\/wp-json\/wp\/v2\/pages"}],"about":[{"href":"https:\/\/www.parafiakonarzewo.pl\/index.php\/wp-json\/wp\/v2\/types\/page"}],"author":[{"embeddable":true,"href":"https:\/\/www.parafiakonarzewo.pl\/index.php\/wp-json\/wp\/v2\/users\/1"}],"replies":[{"embeddable":true,"href":"https:\/\/www.parafiakonarzewo.pl\/index.php\/wp-json\/wp\/v2\/comments?post=91"}],"version-history":[{"count":1,"href":"https:\/\/www.parafiakonarzewo.pl\/index.php\/wp-json\/wp\/v2\/pages\/91\/revisions"}],"predecessor-version":[{"id":92,"href":"https:\/\/www.parafiakonarzewo.pl\/index.php\/wp-json\/wp\/v2\/pages\/91\/revisions\/92"}],"wp:attachment":[{"href":"https:\/\/www.parafiakonarzewo.pl\/index.php\/wp-json\/wp\/v2\/media?parent=91"}],"curies":[{"name":"wp","href":"https:\/\/api.w.org\/{rel}","templated":true}]}}