{"id":85,"date":"2025-09-18T05:24:38","date_gmt":"2025-09-18T05:24:38","guid":{"rendered":"https:\/\/www.parafiakonarzewo.pl\/?page_id=85"},"modified":"2025-09-18T05:24:38","modified_gmt":"2025-09-18T05:24:38","slug":"rok-wiary","status":"publish","type":"page","link":"https:\/\/www.parafiakonarzewo.pl\/index.php\/rok-wiary\/","title":{"rendered":"Rok wiary"},"content":{"rendered":"\n<p>Ojciec \u015awi\u0119ty Benedykt XVI og\u0142osi\u0142 <strong>ROK WIARY<\/strong> w ca\u0142ym Ko\u015bciele od 11 pa\u017adziernika 2012 do 24 listopada 2013 &#8211; w 50. rocznic\u0119 rozpocz\u0119cia II Soboru Watyka\u0144skiego.<\/p>\n\n\n\n<p>Dwa dokumenty watyka\u0144skie okre\u015blaj\u0105 charakter i przebieg Roku wiary: wydany przed rokiem (11.10.2011) przez Benedykta XVI <a href=\"http:\/\/www.vatican.va\/holy_father\/benedict_xvi\/motu_proprio\/documents\/hf_ben-xvi_motu-proprio_20111011_porta-fidei_pl.html\">List Apostolski Porta Fidei<\/a> oraz opublikowana przez Kongregacj\u0119 Nauki Wiary <a href=\"http:\/\/www.vatican.va\/roman_curia\/congregations\/cfaith\/documents\/rc_con_cfaith_doc_20120106_nota-anno-fede_pl.html\">Nota zawieraj\u0105ca wskazania duszpasterskie<\/a>. Zach\u0119camy do zapoznania si\u0119 z tymi dokumentami.<\/p>\n\n\n\n<p>Papieskie wezwanie do obchod\u00f3w Roku Wiary skierowane jest do wszystkich. \u201ePragniemy, aby ten Rok rozbudzi\u0142 w ka\u017cdym wierz\u0105cym aspiracj\u0119 do wyznawania wiary w jej pe\u0142ni i z odnowionym przekonaniem, z ufno\u015bci\u0105 i nadziej\u0105&#8221; (PF 9). Tych, kt\u00f3rzy maj\u0105 siln\u0105 wiar\u0119, Papie\u017c prosi o dawanie jej \u015bwiadectwa. \u201eZw\u0142aszcza w tym Roku ka\u017cdy wierz\u0105cy powinien ponownie odkry\u0107 tre\u015b\u0107 wiary wyznawanej, celebrowanej, prze\u017cywanej i przemodlonej, i zastanowi\u0107 si\u0119 nad samym aktem wiary&#8221; (PF 9). Tych, kt\u00f3rzy zoboj\u0119tnieli na sprawy wiary zach\u0119ca, aby j\u0105 pog\u0142\u0119biali i zacz\u0119li kierowa\u0107 si\u0119 jej warto\u015bciami w \u017cyciu codziennym. Do tych, kt\u00f3rzy s\u0105 oboj\u0119tni na wiar\u0119, kieruje pro\u015bb\u0119, &nbsp;aby przemy\u015bleli, jak wielkiej warto\u015bci si\u0119 pozbywaj\u0105.<\/p>\n\n\n\n<p>..<\/p>\n\n\n\n<p><strong>W ROKU WIARY:<\/strong><\/p>\n\n\n\n<p><strong>w naszej parafialnej wsp\u00f3lnocie chcemy podj\u0105\u0107 inicjatywy<\/strong> zmierzaj\u0105ce do o\u017cywienia i pog\u0142\u0119bienia wiary:<\/p>\n\n\n\n<p>1. <strong>Katechezy pierwszopi\u0105tkowe o wierze<\/strong> &#8211; w ka\u017cdy I pi\u0105tek miesi\u0105ca o godzinie 19.00.<\/p>\n\n\n\n<p>2. <strong><a href=\"http:\/\/www.parafiakonarzewo.pl\/peregrynacja-milosierdzia\">Nawiedzenie rodzin przez obraz Jezusa Mi\u0142osiernego<\/a>.<\/strong><\/p>\n\n\n\n<p>3. <strong>Uroczysty \u015bpiew Wyznania wiary<\/strong> w ka\u017cd\u0105 niedziel\u0119 i \u015bwi\u0119to.<\/p>\n\n\n\n<p>4.<strong> Odmawianie Sk\u0142adu Apostolskiego<\/strong> podczas ka\u017cdej Eucharystii.<\/p>\n\n\n\n<p>Na zako\u0144czenie Roku Wiary, w niedziel\u0119 Chrystusa Kr\u00f3la Wszech\u015bwiata, 24 listopada 2013, odnowimy przyrzeczenia chrzcielne. Dokonamy tak\u017ce po\u015bwi\u0119cenia Kaplicy Mi\u0142osierdzia (Pojednania) w naszym ko\u015bciele wraz z wprowadzeniem relikwii b\u0142. ks. Micha\u0142a Sopo\u0107ki &#8211; spowiednika \u015bw. Faustyny Kowalskiej.<\/p>\n","protected":false},"excerpt":{"rendered":"<p>Ojciec \u015awi\u0119ty Benedykt XVI og\u0142osi\u0142 ROK WIARY w ca\u0142ym Ko\u015bciele od 11 pa\u017adziernika 2012 do 24 listopada 2013 &#8211; w 50. rocznic\u0119 rozpocz\u0119cia II Soboru Watyka\u0144skiego. Dwa dokumenty watyka\u0144skie okre\u015blaj\u0105 charakter i przebieg Roku wiary: wydany przed rokiem (11.10.2011) przez Benedykta XVI List Apostolski Porta Fidei oraz opublikowana przez Kongregacj\u0119 Nauki Wiary Nota zawieraj\u0105ca wskazania<\/p>\n<div class=\"more-link\">\n\t\t\t\t <a href=\"https:\/\/www.parafiakonarzewo.pl\/index.php\/rok-wiary\/\" class=\"btn theme-btn inverted\"><span>Read More <\/span><\/a>\n\t\t\t<\/div>\n","protected":false},"author":1,"featured_media":0,"parent":0,"menu_order":0,"comment_status":"closed","ping_status":"closed","template":"","meta":{"footnotes":""},"class_list":["post-85","page","type-page","status-publish","hentry"],"_links":{"self":[{"href":"https:\/\/www.parafiakonarzewo.pl\/index.php\/wp-json\/wp\/v2\/pages\/85","targetHints":{"allow":["GET"]}}],"collection":[{"href":"https:\/\/www.parafiakonarzewo.pl\/index.php\/wp-json\/wp\/v2\/pages"}],"about":[{"href":"https:\/\/www.parafiakonarzewo.pl\/index.php\/wp-json\/wp\/v2\/types\/page"}],"author":[{"embeddable":true,"href":"https:\/\/www.parafiakonarzewo.pl\/index.php\/wp-json\/wp\/v2\/users\/1"}],"replies":[{"embeddable":true,"href":"https:\/\/www.parafiakonarzewo.pl\/index.php\/wp-json\/wp\/v2\/comments?post=85"}],"version-history":[{"count":1,"href":"https:\/\/www.parafiakonarzewo.pl\/index.php\/wp-json\/wp\/v2\/pages\/85\/revisions"}],"predecessor-version":[{"id":86,"href":"https:\/\/www.parafiakonarzewo.pl\/index.php\/wp-json\/wp\/v2\/pages\/85\/revisions\/86"}],"wp:attachment":[{"href":"https:\/\/www.parafiakonarzewo.pl\/index.php\/wp-json\/wp\/v2\/media?parent=85"}],"curies":[{"name":"wp","href":"https:\/\/api.w.org\/{rel}","templated":true}]}}