{"id":79,"date":"2025-09-18T05:21:57","date_gmt":"2025-09-18T05:21:57","guid":{"rendered":"https:\/\/www.parafiakonarzewo.pl\/?page_id=79"},"modified":"2025-09-18T05:21:57","modified_gmt":"2025-09-18T05:21:57","slug":"pogrzeb-katolicki","status":"publish","type":"page","link":"https:\/\/www.parafiakonarzewo.pl\/index.php\/pogrzeb-katolicki\/","title":{"rendered":"Pogrzeb katolicki"},"content":{"rendered":"\n<p>Pogrzeb chrze\u015bcija\u0144ski jest obrz\u0119dem liturgicznym Ko\u015bcio\u0142a&nbsp;<\/p>\n\n\n\n<p>Obrz\u0119d pogrzebu rozpoczyna si\u0119 pozdrowieniem w duchu wiary. Do bliskich zmar\u0142ego kieruje si\u0119 s\u0142owa &#8220;pocieszenia&#8221; (w rozumieniu Nowego Testamentu jest to moc Ducha \u015awi\u0119tego w nadziei (Por. 1 Tes 4, 18.). Wsp\u00f3lnota zebrana na modlitwie oczekuje tak\u017ce &#8220;s\u0142\u00f3w \u017cycia wiecznego&#8221;. \u015amier\u0107 jednego z jej cz\u0142onk\u00f3w jest okazj\u0105, kt\u00f3r\u0105 powinno si\u0119 wykorzysta\u0107 na zwr\u00f3cenie uwagi na to, co przekracza perspektywy &#8220;tego \u015bwiata&#8221;, i na doprowadzenie wiernych do prawdziwych perspektyw wiary w Chrystusa Zmartwychwsta\u0142ego.<\/p>\n\n\n\n<p>Liturgia s\u0142owa w czasie pogrzebu wymaga tym bardziej szczeg\u00f3lnego przygotowania, \u017ce w zebranej wsp\u00f3lnocie mog\u0105 znajdowa\u0107 si\u0119 wierni, kt\u00f3rzy rzadko uczestnicz\u0105 w liturgii, oraz przyjaciele zmar\u0142ego nie b\u0119d\u0105cy chrze\u015bcijanami. Zw\u0142aszcza homilia powinna &#8220;unika\u0107 rodzaju literackiego pochwalnej mowy pogrzebowej&#8221; oraz ukazywa\u0107 misterium \u015bmierci chrze\u015bcija\u0144skiej w \u015bwietle Chrystusa Zmartwychwsta\u0142ego.<\/p>\n\n\n\n<p>Eucharystia stanowi centrum paschalnej rzeczywisto\u015bci \u015bmierci chrze\u015bcija\u0144skiej. Wtedy w\u0142a\u015bnie Ko\u015bci\u00f3\u0142 wyra\u017ca swoj\u0105 skuteczn\u0105 jedno\u015b\u0107 ze zmar\u0142ym, ofiaruj\u0105c Ojcu, w Duchu \u015awi\u0119tym, ofiar\u0119 \u015bmierci i zmartwychwstania Chrystusa. Prosi on w\u00f3wczas, by jego dziecko zosta\u0142o oczyszczone z grzech\u00f3w oraz ich skutk\u00f3w i zosta\u0142o przyj\u0119te do paschalnej pe\u0142ni Uczty w Kr\u00f3lestwie niebieskim . Przez celebracj\u0119 Eucharystii wsp\u00f3lnota wiernych, a szczeg\u00f3lnie rodzina zmar\u0142ego uczy si\u0119 \u017cy\u0107 w \u0142\u0105czno\u015bci z tym, kt\u00f3ry &#8220;zasn\u0105\u0142 w Panu&#8221;, przyjmuj\u0105c Cia\u0142o Chrystusa, kt\u00f3rego zmar\u0142y nadal jest \u017cywym cz\u0142onkiem, modl\u0105c si\u0119 za niego i z nim.<\/p>\n\n\n\n<p>\u017begnaj\u0105c zmar\u0142ego, Ko\u015bci\u00f3\u0142 &#8220;poleca go Bogu&#8221;. Jest to &#8220;ostatnie po\u017cegnanie, jakie wsp\u00f3lnota chrze\u015bcija\u0144ska oddaje swemu cz\u0142onkowi, zanim jego cia\u0142o b\u0119dzie wyniesione i pogrzebane&#8221;.&nbsp;<\/p>\n\n\n\n<p>(Zob. Katechizm Ko\u015bcio\u0142a Katolickiego, n. 1684 &#8211; 1690)<\/p>\n\n\n\n<h4 class=\"wp-block-heading\">Dokumenty potrzebne przy zg\u0142aszaniu pogrzebu:<\/h4>\n\n\n\n<p>1.&nbsp;&nbsp;&nbsp;&nbsp;&nbsp;&nbsp; karta zgonu wystawiona przez lekarza<\/p>\n\n\n\n<p>2.&nbsp;&nbsp;&nbsp;&nbsp;&nbsp;&nbsp; akt zgonu z Urz\u0119du Stanu Cywilnego (do wgl\u0105du)<\/p>\n\n\n\n<p>3.&nbsp;&nbsp;&nbsp;&nbsp;&nbsp;&nbsp; za\u015bwiadczenie o udzieleniu sakrament\u00f3w \u015bwi\u0119tych (je\u015bli zgon nast\u0105pi\u0142 poza parafi\u0105)<\/p>\n\n\n\n<p>4.&nbsp;&nbsp;&nbsp;&nbsp;&nbsp;&nbsp; dokument potwierdzaj\u0105cy prawo do pochowania zmar\u0142ego w grobie rodzinnym<\/p>\n\n\n\n<h4 class=\"wp-block-heading\">____________________________________<\/h4>\n\n\n\n<h4 class=\"wp-block-heading\">Administracja cmentarza parafialnego:<\/h4>\n\n\n\n<h5 class=\"wp-block-heading\">MEMENTO MORI<\/h5>\n\n\n\n<p>Lubo\u0144, ul. Okrzei 1<\/p>\n\n\n\n<p>tel. 618 131 262, kom. 606 394 675<\/p>\n\n\n\n<p>Sk\u00f3rzewo, ul. Pozna\u0144ska 66a<\/p>\n\n\n\n<p>tel. 606 134 966<\/p>\n\n\n\n<p>Strona internetowa naszego cmentarza parafialnego wraz z wyszukiwark\u0105 grob\u00f3w: <a href=\"https:\/\/cmentarzkonarzewo.pl\/\">cmentarzkonarzewo.pl<\/a><\/p>\n\n\n\n<p>Przypominamy, \u017ce bez zgody Parafii nie mo\u017cna stawia\u0107 pomnik\u00f3w, k\u0142a\u015b\u0107 kostki brukowej oraz montowa\u0107 \u0142awek. Zgod\u0119 mo\u017cna uzyska\u0107 u ks. proboszcza w biurze parafialnym. Regulamin cmentarza jest dost\u0119pny na stronie <a href=\"https:\/\/cmentarzkonarzewo.pl\/\">cmentarzkonarzewo.pl<\/a> oraz na tablicy przy bocznym wej\u015bciu na cmentarz.<\/p>\n","protected":false},"excerpt":{"rendered":"<p>Pogrzeb chrze\u015bcija\u0144ski jest obrz\u0119dem liturgicznym Ko\u015bcio\u0142a&nbsp; Obrz\u0119d pogrzebu rozpoczyna si\u0119 pozdrowieniem w duchu wiary. Do bliskich zmar\u0142ego kieruje si\u0119 s\u0142owa &#8220;pocieszenia&#8221; (w rozumieniu Nowego Testamentu jest to moc Ducha \u015awi\u0119tego w nadziei (Por. 1 Tes 4, 18.). Wsp\u00f3lnota zebrana na modlitwie oczekuje tak\u017ce &#8220;s\u0142\u00f3w \u017cycia wiecznego&#8221;. \u015amier\u0107 jednego z jej cz\u0142onk\u00f3w jest okazj\u0105, kt\u00f3r\u0105 powinno<\/p>\n<div class=\"more-link\">\n\t\t\t\t <a href=\"https:\/\/www.parafiakonarzewo.pl\/index.php\/pogrzeb-katolicki\/\" class=\"btn theme-btn inverted\"><span>Read More <\/span><\/a>\n\t\t\t<\/div>\n","protected":false},"author":1,"featured_media":0,"parent":0,"menu_order":0,"comment_status":"closed","ping_status":"closed","template":"","meta":{"footnotes":""},"class_list":["post-79","page","type-page","status-publish","hentry"],"_links":{"self":[{"href":"https:\/\/www.parafiakonarzewo.pl\/index.php\/wp-json\/wp\/v2\/pages\/79","targetHints":{"allow":["GET"]}}],"collection":[{"href":"https:\/\/www.parafiakonarzewo.pl\/index.php\/wp-json\/wp\/v2\/pages"}],"about":[{"href":"https:\/\/www.parafiakonarzewo.pl\/index.php\/wp-json\/wp\/v2\/types\/page"}],"author":[{"embeddable":true,"href":"https:\/\/www.parafiakonarzewo.pl\/index.php\/wp-json\/wp\/v2\/users\/1"}],"replies":[{"embeddable":true,"href":"https:\/\/www.parafiakonarzewo.pl\/index.php\/wp-json\/wp\/v2\/comments?post=79"}],"version-history":[{"count":1,"href":"https:\/\/www.parafiakonarzewo.pl\/index.php\/wp-json\/wp\/v2\/pages\/79\/revisions"}],"predecessor-version":[{"id":80,"href":"https:\/\/www.parafiakonarzewo.pl\/index.php\/wp-json\/wp\/v2\/pages\/79\/revisions\/80"}],"wp:attachment":[{"href":"https:\/\/www.parafiakonarzewo.pl\/index.php\/wp-json\/wp\/v2\/media?parent=79"}],"curies":[{"name":"wp","href":"https:\/\/api.w.org\/{rel}","templated":true}]}}