{"id":77,"date":"2025-09-18T05:21:22","date_gmt":"2025-09-18T05:21:22","guid":{"rendered":"https:\/\/www.parafiakonarzewo.pl\/?page_id=77"},"modified":"2025-09-18T05:21:22","modified_gmt":"2025-09-18T05:21:22","slug":"pismo-parafialne-wspolnota","status":"publish","type":"page","link":"https:\/\/www.parafiakonarzewo.pl\/index.php\/pismo-parafialne-wspolnota\/","title":{"rendered":"Pismo parafialne Wsp\u00f3lnota"},"content":{"rendered":"\n<p>Nasza parafia wydaje pismo pt. ,,Wsp\u00f3lnota&#8221;. Pismo ukazuje si\u0119 raz w miesi\u0105cu, z wyj\u0105tkiem lipca i sierpnia, przewa\u017cnie w trzeci\u0105 niedziel\u0119 miesi\u0105ca. Mo\u017cna je naby\u0107 przy wyj\u015bciach z ko\u015bcio\u0142a w Konarzewie oraz przy o\u0142tarzu w kaplicy w Dopiewcu, za dobrowoln\u0105 ofiar\u0105.<\/p>\n","protected":false},"excerpt":{"rendered":"<p>Nasza parafia wydaje pismo pt. ,,Wsp\u00f3lnota&#8221;. Pismo ukazuje si\u0119 raz w miesi\u0105cu, z wyj\u0105tkiem lipca i sierpnia, przewa\u017cnie w trzeci\u0105 niedziel\u0119 miesi\u0105ca. Mo\u017cna je naby\u0107 przy wyj\u015bciach z ko\u015bcio\u0142a w Konarzewie oraz przy o\u0142tarzu w kaplicy w Dopiewcu, za dobrowoln\u0105 ofiar\u0105.<\/p>\n","protected":false},"author":1,"featured_media":0,"parent":0,"menu_order":0,"comment_status":"closed","ping_status":"closed","template":"","meta":{"footnotes":""},"class_list":["post-77","page","type-page","status-publish","hentry"],"_links":{"self":[{"href":"https:\/\/www.parafiakonarzewo.pl\/index.php\/wp-json\/wp\/v2\/pages\/77","targetHints":{"allow":["GET"]}}],"collection":[{"href":"https:\/\/www.parafiakonarzewo.pl\/index.php\/wp-json\/wp\/v2\/pages"}],"about":[{"href":"https:\/\/www.parafiakonarzewo.pl\/index.php\/wp-json\/wp\/v2\/types\/page"}],"author":[{"embeddable":true,"href":"https:\/\/www.parafiakonarzewo.pl\/index.php\/wp-json\/wp\/v2\/users\/1"}],"replies":[{"embeddable":true,"href":"https:\/\/www.parafiakonarzewo.pl\/index.php\/wp-json\/wp\/v2\/comments?post=77"}],"version-history":[{"count":1,"href":"https:\/\/www.parafiakonarzewo.pl\/index.php\/wp-json\/wp\/v2\/pages\/77\/revisions"}],"predecessor-version":[{"id":78,"href":"https:\/\/www.parafiakonarzewo.pl\/index.php\/wp-json\/wp\/v2\/pages\/77\/revisions\/78"}],"wp:attachment":[{"href":"https:\/\/www.parafiakonarzewo.pl\/index.php\/wp-json\/wp\/v2\/media?parent=77"}],"curies":[{"name":"wp","href":"https:\/\/api.w.org\/{rel}","templated":true}]}}