{"id":66,"date":"2025-09-18T05:17:19","date_gmt":"2025-09-18T05:17:19","guid":{"rendered":"https:\/\/www.parafiakonarzewo.pl\/?page_id=66"},"modified":"2025-09-18T05:17:19","modified_gmt":"2025-09-18T05:17:19","slug":"ks-tomasz-rogozinski","status":"publish","type":"page","link":"https:\/\/www.parafiakonarzewo.pl\/index.php\/ks-tomasz-rogozinski\/","title":{"rendered":"ks. Tomasz Rogozi\u0144ski"},"content":{"rendered":"\n<p> ks. Tomasz Rogozi\u0144ski urodzony w 1978,<\/p>\n\n\n\n<p>wy\u015bwi\u0119cony na prezbitera w 2005 roku,<\/p>\n\n\n\n<p>pos\u0142ugiwa\u0142 dotychczas w parafiach w \u015aremie i w Poznaniu,<\/p>\n\n\n\n<p>doktorant na Wydziale Historii UAM,<\/p>\n\n\n\n<p>kapelan DPS w Lis\u00f3wkach,<\/p>\n\n\n\n<p>pos\u0142uguje w Parafii od 2016 roku<\/p>\n","protected":false},"excerpt":{"rendered":"<p>ks. Tomasz Rogozi\u0144ski urodzony w 1978, wy\u015bwi\u0119cony na prezbitera w 2005 roku, pos\u0142ugiwa\u0142 dotychczas w parafiach w \u015aremie i w Poznaniu, doktorant na Wydziale Historii UAM, kapelan DPS w Lis\u00f3wkach, pos\u0142uguje w Parafii od 2016 roku<\/p>\n","protected":false},"author":1,"featured_media":0,"parent":0,"menu_order":0,"comment_status":"closed","ping_status":"closed","template":"","meta":{"footnotes":""},"class_list":["post-66","page","type-page","status-publish","hentry"],"_links":{"self":[{"href":"https:\/\/www.parafiakonarzewo.pl\/index.php\/wp-json\/wp\/v2\/pages\/66","targetHints":{"allow":["GET"]}}],"collection":[{"href":"https:\/\/www.parafiakonarzewo.pl\/index.php\/wp-json\/wp\/v2\/pages"}],"about":[{"href":"https:\/\/www.parafiakonarzewo.pl\/index.php\/wp-json\/wp\/v2\/types\/page"}],"author":[{"embeddable":true,"href":"https:\/\/www.parafiakonarzewo.pl\/index.php\/wp-json\/wp\/v2\/users\/1"}],"replies":[{"embeddable":true,"href":"https:\/\/www.parafiakonarzewo.pl\/index.php\/wp-json\/wp\/v2\/comments?post=66"}],"version-history":[{"count":1,"href":"https:\/\/www.parafiakonarzewo.pl\/index.php\/wp-json\/wp\/v2\/pages\/66\/revisions"}],"predecessor-version":[{"id":67,"href":"https:\/\/www.parafiakonarzewo.pl\/index.php\/wp-json\/wp\/v2\/pages\/66\/revisions\/67"}],"wp:attachment":[{"href":"https:\/\/www.parafiakonarzewo.pl\/index.php\/wp-json\/wp\/v2\/media?parent=66"}],"curies":[{"name":"wp","href":"https:\/\/api.w.org\/{rel}","templated":true}]}}