{"id":51,"date":"2025-09-18T05:12:53","date_gmt":"2025-09-18T05:12:53","guid":{"rendered":"https:\/\/www.parafiakonarzewo.pl\/?page_id=51"},"modified":"2025-09-18T05:12:53","modified_gmt":"2025-09-18T05:12:53","slug":"krag-biblijny","status":"publish","type":"page","link":"https:\/\/www.parafiakonarzewo.pl\/index.php\/krag-biblijny\/","title":{"rendered":"Kr\u0105g biblijny"},"content":{"rendered":"\n<p>Spotkania kr\u0119gu biblijnego odbywaj\u0105 si\u0119 w ka\u017cdy poniedzia\u0142ek z wyj\u0105tkiem stycznia, lipca, sierpnia o godz. 19<sup>00<\/sup> w salce &#8220;Laboratorium wiary&#8221;.<\/p>\n","protected":false},"excerpt":{"rendered":"<p>Spotkania kr\u0119gu biblijnego odbywaj\u0105 si\u0119 w ka\u017cdy poniedzia\u0142ek z wyj\u0105tkiem stycznia, lipca, sierpnia o godz. 1900 w salce &#8220;Laboratorium wiary&#8221;.<\/p>\n","protected":false},"author":1,"featured_media":0,"parent":0,"menu_order":0,"comment_status":"closed","ping_status":"closed","template":"","meta":{"footnotes":""},"class_list":["post-51","page","type-page","status-publish","hentry"],"_links":{"self":[{"href":"https:\/\/www.parafiakonarzewo.pl\/index.php\/wp-json\/wp\/v2\/pages\/51","targetHints":{"allow":["GET"]}}],"collection":[{"href":"https:\/\/www.parafiakonarzewo.pl\/index.php\/wp-json\/wp\/v2\/pages"}],"about":[{"href":"https:\/\/www.parafiakonarzewo.pl\/index.php\/wp-json\/wp\/v2\/types\/page"}],"author":[{"embeddable":true,"href":"https:\/\/www.parafiakonarzewo.pl\/index.php\/wp-json\/wp\/v2\/users\/1"}],"replies":[{"embeddable":true,"href":"https:\/\/www.parafiakonarzewo.pl\/index.php\/wp-json\/wp\/v2\/comments?post=51"}],"version-history":[{"count":1,"href":"https:\/\/www.parafiakonarzewo.pl\/index.php\/wp-json\/wp\/v2\/pages\/51\/revisions"}],"predecessor-version":[{"id":52,"href":"https:\/\/www.parafiakonarzewo.pl\/index.php\/wp-json\/wp\/v2\/pages\/51\/revisions\/52"}],"wp:attachment":[{"href":"https:\/\/www.parafiakonarzewo.pl\/index.php\/wp-json\/wp\/v2\/media?parent=51"}],"curies":[{"name":"wp","href":"https:\/\/api.w.org\/{rel}","templated":true}]}}