{"id":49,"date":"2025-09-18T05:12:15","date_gmt":"2025-09-18T05:12:15","guid":{"rendered":"https:\/\/www.parafiakonarzewo.pl\/?page_id=49"},"modified":"2025-09-18T05:12:15","modified_gmt":"2025-09-18T05:12:15","slug":"krag-biblijny-mezczyzn","status":"publish","type":"page","link":"https:\/\/www.parafiakonarzewo.pl\/index.php\/krag-biblijny-mezczyzn\/","title":{"rendered":"Kr\u0105g biblijny m\u0119\u017cczyzn"},"content":{"rendered":"\n<p>Spotkania kr\u0119gu biblijnego m\u0119\u017cczyzn odbywaj\u0105 si\u0119 w pierwszy i trzeci wtorek miesi\u0105ca z wyj\u0105tkiem stycznia, lipca, sierpnia o godz. 20.00 w salce &#8220;Laboratorium wiary&#8221;.<\/p>\n","protected":false},"excerpt":{"rendered":"<p>Spotkania kr\u0119gu biblijnego m\u0119\u017cczyzn odbywaj\u0105 si\u0119 w pierwszy i trzeci wtorek miesi\u0105ca z wyj\u0105tkiem stycznia, lipca, sierpnia o godz. 20.00 w salce &#8220;Laboratorium wiary&#8221;.<\/p>\n","protected":false},"author":1,"featured_media":0,"parent":0,"menu_order":0,"comment_status":"closed","ping_status":"closed","template":"","meta":{"footnotes":""},"class_list":["post-49","page","type-page","status-publish","hentry"],"_links":{"self":[{"href":"https:\/\/www.parafiakonarzewo.pl\/index.php\/wp-json\/wp\/v2\/pages\/49","targetHints":{"allow":["GET"]}}],"collection":[{"href":"https:\/\/www.parafiakonarzewo.pl\/index.php\/wp-json\/wp\/v2\/pages"}],"about":[{"href":"https:\/\/www.parafiakonarzewo.pl\/index.php\/wp-json\/wp\/v2\/types\/page"}],"author":[{"embeddable":true,"href":"https:\/\/www.parafiakonarzewo.pl\/index.php\/wp-json\/wp\/v2\/users\/1"}],"replies":[{"embeddable":true,"href":"https:\/\/www.parafiakonarzewo.pl\/index.php\/wp-json\/wp\/v2\/comments?post=49"}],"version-history":[{"count":1,"href":"https:\/\/www.parafiakonarzewo.pl\/index.php\/wp-json\/wp\/v2\/pages\/49\/revisions"}],"predecessor-version":[{"id":50,"href":"https:\/\/www.parafiakonarzewo.pl\/index.php\/wp-json\/wp\/v2\/pages\/49\/revisions\/50"}],"wp:attachment":[{"href":"https:\/\/www.parafiakonarzewo.pl\/index.php\/wp-json\/wp\/v2\/media?parent=49"}],"curies":[{"name":"wp","href":"https:\/\/api.w.org\/{rel}","templated":true}]}}