{"id":46,"date":"2025-09-18T05:10:30","date_gmt":"2025-09-18T05:10:30","guid":{"rendered":"https:\/\/www.parafiakonarzewo.pl\/?page_id=46"},"modified":"2025-10-10T08:08:23","modified_gmt":"2025-10-10T08:08:23","slug":"kontakt","status":"publish","type":"page","link":"https:\/\/www.parafiakonarzewo.pl\/index.php\/kontakt\/","title":{"rendered":"Kontakt"},"content":{"rendered":"<address><strong>Parafia Rzymskokatolicka pw. \u015bw. Marcina i \u015bw. Piotra w Okowach w Konarzewie<\/strong><\/address><address>ul. Ko\u015bcielna 2<\/address><address>62-070 Konarzewo<\/address><address>NIP: 7771790736<\/address><address>\u00a0<\/address><address><strong>Nr tel. Parafii: 61 814 80 41\u00a0<\/strong><\/address><address>\u00a0<\/address><address>Nr tel. ks. Proboszcza Adama: 694 245 629<\/address><address>\u00a0<\/address><address>Nr tel. ks. Wikariusza Roberta: 512 964 595<\/address><address>\u00a0<\/address><address>WWW: <a title=\"Parawia pw. \u015bw. Marcina i \u015bw. Piotra w Okowach w Konarzewie\" href=\"http:\/\/www.parafiakonarzewo.pl\">www.parafiakonarzewo.pl<\/a><\/address><address>\u00a0<\/address><address>e-mail: <a href=\"mailto:konarzewo@archpoznan.pl\">konarzewo@archpoznan.pl<\/a><\/address><address>\u00a0<\/address><address>OFIARY DLA PARAFII<\/address><address>\n<div class=\"post-content entry-content\">\n<p>Konto w Pozna\u0144skim Banku Sp\u00f3\u0142dzielczym nr: 58 9043 1012 2012 0026 7865 0001<\/p>\n<\/div>\n<\/address><address>\u00a0<\/address><hr \/>\n<p><iframe loading=\"lazy\" src=\"http:\/\/maps.google.pl\/maps\/ms?msa=0&amp;msid=218079226843142817829.0004ad4c4a373d6dd4909&amp;ie=UTF8&amp;t=m&amp;vpsrc=6&amp;ll=52.376438,16.804962&amp;spn=0.160964,0.42366&amp;z=11&amp;output=embed\" width=\"618\" height=\"384\" frameborder=\"0\" marginwidth=\"0\" marginheight=\"0\" scrolling=\"no\"><\/iframe><br \/><small>Poka\u017c <a style=\"color: #0000ff; text-align: left;\" href=\"http:\/\/maps.google.pl\/maps\/ms?msa=0&amp;msid=218079226843142817829.0004ad4c4a373d6dd4909&amp;ie=UTF8&amp;t=m&amp;vpsrc=6&amp;ll=52.376438,16.804962&amp;spn=0.160964,0.42366&amp;z=11&amp;source=embed\">Parafia pw. \u015bw. Marcina i Piotra w Okowach w Konarzewie<\/a> na wi\u0119kszej mapie<\/small><\/p>\n\n\n<p>&nbsp;<\/p>\n","protected":false},"excerpt":{"rendered":"<p>Parafia Rzymskokatolicka pw. \u015bw. Marcina i \u015bw. Piotra w Okowach w Konarzewie ul. Ko\u015bcielna 2 62-070 Konarzewo NIP: 7771790736 \u00a0 Nr tel. Parafii: 61 814 80 41\u00a0 \u00a0 Nr tel. ks. Proboszcza Adama: 694 245 629 \u00a0 Nr tel. ks. Wikariusza Roberta: 512 964 595 \u00a0 WWW: www.parafiakonarzewo.pl \u00a0 e-mail: konarzewo@archpoznan.pl \u00a0 OFIARY DLA PARAFII<\/p>\n<div class=\"more-link\">\n\t\t\t\t <a href=\"https:\/\/www.parafiakonarzewo.pl\/index.php\/kontakt\/\" class=\"btn theme-btn inverted\"><span>Read More <\/span><\/a>\n\t\t\t<\/div>\n","protected":false},"author":1,"featured_media":0,"parent":0,"menu_order":0,"comment_status":"closed","ping_status":"closed","template":"","meta":{"footnotes":""},"class_list":["post-46","page","type-page","status-publish","hentry"],"_links":{"self":[{"href":"https:\/\/www.parafiakonarzewo.pl\/index.php\/wp-json\/wp\/v2\/pages\/46","targetHints":{"allow":["GET"]}}],"collection":[{"href":"https:\/\/www.parafiakonarzewo.pl\/index.php\/wp-json\/wp\/v2\/pages"}],"about":[{"href":"https:\/\/www.parafiakonarzewo.pl\/index.php\/wp-json\/wp\/v2\/types\/page"}],"author":[{"embeddable":true,"href":"https:\/\/www.parafiakonarzewo.pl\/index.php\/wp-json\/wp\/v2\/users\/1"}],"replies":[{"embeddable":true,"href":"https:\/\/www.parafiakonarzewo.pl\/index.php\/wp-json\/wp\/v2\/comments?post=46"}],"version-history":[{"count":4,"href":"https:\/\/www.parafiakonarzewo.pl\/index.php\/wp-json\/wp\/v2\/pages\/46\/revisions"}],"predecessor-version":[{"id":217,"href":"https:\/\/www.parafiakonarzewo.pl\/index.php\/wp-json\/wp\/v2\/pages\/46\/revisions\/217"}],"wp:attachment":[{"href":"https:\/\/www.parafiakonarzewo.pl\/index.php\/wp-json\/wp\/v2\/media?parent=46"}],"curies":[{"name":"wp","href":"https:\/\/api.w.org\/{rel}","templated":true}]}}