{"id":44,"date":"2025-09-18T05:09:35","date_gmt":"2025-09-18T05:09:35","guid":{"rendered":"https:\/\/www.parafiakonarzewo.pl\/?page_id=44"},"modified":"2025-09-18T05:09:35","modified_gmt":"2025-09-18T05:09:35","slug":"katolickie-stowarzyszenie-mlodziezy","status":"publish","type":"page","link":"https:\/\/www.parafiakonarzewo.pl\/index.php\/katolickie-stowarzyszenie-mlodziezy\/","title":{"rendered":"Katolickie Stowarzyszenie M\u0142odzie\u017cy"},"content":{"rendered":"\n<h3 class=\"wp-block-heading\"><a href=\"http:\/\/www.parafiakonarzewo.pl\/wp-content\/uploads\/2011\/09\/bl_karolina_kozkowna.jpg\"><\/a><\/h3>\n\n\n\n<h3 class=\"wp-block-heading\">.<\/h3>\n\n\n\n<h3 class=\"wp-block-heading\">B\u0142ogos\u0142awiona Karolina K\u00f3zk\u00f3wna<\/h3>\n\n\n\n<p>jest patronk\u0105 Katolickiego Stowarzyszenia M\u0142odzie\u017cy, ale przede wszystkim samej M\u0141ODZIE\u017bY.<\/p>\n\n\n\n<p>84 oddzia\u0142 KSM z Konarzewa<\/p>\n\n\n\n<p><\/p>\n","protected":false},"excerpt":{"rendered":"<p>. B\u0142ogos\u0142awiona Karolina K\u00f3zk\u00f3wna jest patronk\u0105 Katolickiego Stowarzyszenia M\u0142odzie\u017cy, ale przede wszystkim samej M\u0141ODZIE\u017bY. 84 oddzia\u0142 KSM z Konarzewa<\/p>\n","protected":false},"author":1,"featured_media":0,"parent":0,"menu_order":0,"comment_status":"closed","ping_status":"closed","template":"","meta":{"footnotes":""},"class_list":["post-44","page","type-page","status-publish","hentry"],"_links":{"self":[{"href":"https:\/\/www.parafiakonarzewo.pl\/index.php\/wp-json\/wp\/v2\/pages\/44","targetHints":{"allow":["GET"]}}],"collection":[{"href":"https:\/\/www.parafiakonarzewo.pl\/index.php\/wp-json\/wp\/v2\/pages"}],"about":[{"href":"https:\/\/www.parafiakonarzewo.pl\/index.php\/wp-json\/wp\/v2\/types\/page"}],"author":[{"embeddable":true,"href":"https:\/\/www.parafiakonarzewo.pl\/index.php\/wp-json\/wp\/v2\/users\/1"}],"replies":[{"embeddable":true,"href":"https:\/\/www.parafiakonarzewo.pl\/index.php\/wp-json\/wp\/v2\/comments?post=44"}],"version-history":[{"count":1,"href":"https:\/\/www.parafiakonarzewo.pl\/index.php\/wp-json\/wp\/v2\/pages\/44\/revisions"}],"predecessor-version":[{"id":45,"href":"https:\/\/www.parafiakonarzewo.pl\/index.php\/wp-json\/wp\/v2\/pages\/44\/revisions\/45"}],"wp:attachment":[{"href":"https:\/\/www.parafiakonarzewo.pl\/index.php\/wp-json\/wp\/v2\/media?parent=44"}],"curies":[{"name":"wp","href":"https:\/\/api.w.org\/{rel}","templated":true}]}}