{"id":42,"date":"2025-09-18T05:06:59","date_gmt":"2025-09-18T05:06:59","guid":{"rendered":"https:\/\/www.parafiakonarzewo.pl\/?page_id=42"},"modified":"2025-09-18T05:06:59","modified_gmt":"2025-09-18T05:06:59","slug":"historia-parafii","status":"publish","type":"page","link":"https:\/\/www.parafiakonarzewo.pl\/index.php\/historia-parafii\/","title":{"rendered":"Historia parafii"},"content":{"rendered":"\n<figure class=\"wp-block-gallery alignleft has-nested-images columns-default is-cropped wp-block-gallery-1 is-layout-flex wp-block-gallery-is-layout-flex\">\n<figure class=\"wp-block-image size-large\"><img loading=\"lazy\" decoding=\"async\" width=\"352\" height=\"510\" data-id=\"26\" src=\"https:\/\/www.parafiakonarzewo.pl\/wp-content\/uploads\/2025\/09\/img006-352x510-1.jpg\" alt=\"\" class=\"wp-image-26\" srcset=\"https:\/\/www.parafiakonarzewo.pl\/wp-content\/uploads\/2025\/09\/img006-352x510-1.jpg 352w, https:\/\/www.parafiakonarzewo.pl\/wp-content\/uploads\/2025\/09\/img006-352x510-1-207x300.jpg 207w\" sizes=\"auto, (max-width: 352px) 100vw, 352px\" \/><\/figure>\n<\/figure>\n\n\n\n<p>Konarzewo by\u0142o &#8220;gniazdem staro\u017cytnej rodziny Konarzewskich, herbu Poraj&#8221; &#8211; jak podaje J\u00f3zef \u0141ukaszewicz, w monumentalnym dziele <em>Opis historyczny ko\u015bcio\u0142\u00f3w parochialnych, ko\u015bci\u00f3\u0142k\u00f3w, kaplic, klasztor\u00f3w, szk\u00f3\u0142ek parochialnych, szpitali i innych zak\u0142ad\u00f3w dobroczynnych&nbsp; w dawnej dyecezyi pozna\u0144skiej<\/em> z roku 1858.<\/p>\n\n\n\n<p>Zapewne ju\u017c od 12. stulecia istnia\u0142 w Konarzewie ko\u015bci\u00f3\u0142 parafialny, wzmiankowany w ksi\u0119gach biskupich z roku 1370, a nast\u0119pnie 1445 i z lat p\u00f3\u017aniejszych. Do ko\u0144ca wieku 16. by\u0142 to ko\u015bci\u00f3\u0142 drewniany pod wezwaniem \u015bw. Marcina Biskupa i \u015bw. Piotra w Okowach. W aktach z roku 1510 zanotowano, \u017ce do parafii konarzewskiej nale\u017ca\u0142y wsie Konarzewo, Konarzewko, Chom\u0119cice, Trzcielin i dwa maj\u0105tki kapitulne Trzcielinek i Go\u0142uski (Go\u0142uszyce). Po przej\u0119ciu w\u0142asno\u015bci Konarzewa przez rodzin\u0119 Ostaszewskich, na prze\u0142omie 16. i 17. wieku, wzniesiono nowy ko\u015bci\u00f3\u0142 z wypalanej ceg\u0142y (staraniem Paw\u0142a Ostaszewskiego) w stylu p\u00f3\u017anogotyckim. Budowa ko\u015bcio\u0142a zosta\u0142a uko\u0144czona w 1628 roku,&nbsp; a jego uroczystej konsekracji dokonano p\u00f3\u017anym latem 1636 roku (najprawdopodobniej 10 wrze\u015bnia 1636), gdy biskupem pozna\u0144skim by\u0142 Andrzej VI Szo\u0142drski, znany z odbudowy strawionej po\u017carem (1636) katedry pozna\u0144skiej i troski o Akademi\u0119 Lubra\u0144skiego.<\/p>\n\n\n\n<p>Zapisy wizytacji biskupich, jakie odbywa\u0142y si\u0119 w parafii konarzewskiej \u015bwiadcz\u0105 o jego dobrym wyposa\u017ceniu, aczkolwiek nie zawsze o wybitnym duszpasterstwie (Strza\u0142kowski &#8211; 1628 r.). Pod koniec wieku 17. ko\u015bci\u00f3\u0142 zosta\u0142 odrestaurowany od fundament\u00f3w i przebudowany (przebudowano i powi\u0119kszono prezbiterium w 1694 roku) przez \u00f3wczesnego w\u0142a\u015bciciela Konarzewa, Andrzeja Aleksandra Radomickiego (ok 1660 &#8211; 1726), herbu Kotwicz, kasztelana kaliskiego, starost\u0119 osieckiego&nbsp; i wojewod\u0119 pozna\u0144skiego, kt\u00f3rego marmurowy sarkofag znajduje si\u0119 w krypcie ko\u015bcio\u0142a. W 1700 roku uko\u0144czono wie\u017c\u0119 ko\u015bcio\u0142a, zwie\u0144czon\u0105 pi\u0119knym he\u0142mem (o wysoko\u015bci ok. 20 metr\u00f3w). Obecne wyposa\u017cenie ko\u015bcio\u0142a: o\u0142tarz g\u0142\u00f3wny, o\u0142tarze boczne, ambona i chrzcielnica w stylu rokoko zosta\u0142y ufundowane przez marsza\u0142ka litewskiego W\u0142adys\u0142awa Gurowskiego i jego \u017con\u0119 Ann\u0119 z Radomickich oko\u0142o roku 1778. R\u00f3d Radomickich, a nast\u0119pnie kolejni w\u0142a\u015bciciele Konarzewa: Dzia\u0142y\u0144scy, Zamoyscy i Czartoryscy dbali przez wieki o \u015bwi\u0105tyni\u0119 i jej wystr\u00f3j. Przy parafii funkcjonowa\u0142a ju\u017c w ko\u0144cu 17. wieku tak\u017ce szko\u0142a, utrzymywana przez ko\u015bcieln\u0105 wsp\u00f3lnot\u0119 i dobroczy\u0144c\u00f3w.<\/p>\n\n\n\n<p>W 20. wieku parafia konarzewska mia\u0142a dw\u00f3ch wybitnych duszpasterzy: <a href=\"http:\/\/www.parafiakonarzewo.pl\/ks-jan-laskowski\">ks. Jana D\u0105brow\u0119 Laskowskiego<\/a> (1872-1939) i <a href=\"http:\/\/www.parafiakonarzewo.pl\/ks-stanislaw-hartlieb\">ks. Stanis\u0142awa Hartlieba<\/a> (1920-2002).<\/p>\n\n\n\n<p>Parafia konarzewska nale\u017cy od swego powstania nieprzerwanie do diecezji pozna\u0144skiej. Od czasu pojawienia si\u0119 podzia\u0142u diecezji na dekanaty, co dokona\u0142o si\u0119 oko\u0142o 1324\/5 roku, Konarzewo funkcjonowa\u0142o w strukturach dekanatu st\u0119szewskiego, kt\u00f3ry w XVIII wieku zmieni\u0142 nazw\u0119 na bukowski. Dopiero 28 czerwca 1918 roku abp Edmund Kard. Dalbor wydzieli\u0142 na powr\u00f3t dekanat st\u0119szewski z dekanatu bukowskiego, pozostawiaj\u0105c Konarzewo w dekanacie bukowskim. 16 czerwca 1979 roku, abp Jerzy Stroba przeni\u00f3s\u0142 Konarzewo z dekanatu bukowskiego do dekanatu st\u0119szewskiego, a 15 lutego 1981 roku mianowa\u0142 ks. Stanis\u0142awa Hartlieba jego dziekanem na okres 5 lat. Rozw\u00f3j podpozna\u0144skich wsi i coraz g\u0119stsze ich zaludnienie wymusza jednak tworzenie nowych parafii, a obecnie tak\u017ce nowych dekanat\u00f3w. Z tego powodu&nbsp;z dniem 1 lutego 2018 roku abp Stanis\u0142aw G\u0105decki, utworzy\u0142 w archidiecezji pozna\u0144skiej dekanat komornicki, w sk\u0142ad kt\u00f3rego wchodzi dziewi\u0119\u0107 parafii, wyj\u0119tych z dekanat\u00f3w bukowskiego, st\u0119szewskiego, lubo\u0144skiego i prze\u017amierowskiego, w tym nasza parafia w Konarzewie.<\/p>\n","protected":false},"excerpt":{"rendered":"<p>Konarzewo by\u0142o &#8220;gniazdem staro\u017cytnej rodziny Konarzewskich, herbu Poraj&#8221; &#8211; jak podaje J\u00f3zef \u0141ukaszewicz, w monumentalnym dziele Opis historyczny ko\u015bcio\u0142\u00f3w parochialnych, ko\u015bci\u00f3\u0142k\u00f3w, kaplic, klasztor\u00f3w, szk\u00f3\u0142ek parochialnych, szpitali i innych zak\u0142ad\u00f3w dobroczynnych&nbsp; w dawnej dyecezyi pozna\u0144skiej z roku 1858. Zapewne ju\u017c od 12. stulecia istnia\u0142 w Konarzewie ko\u015bci\u00f3\u0142 parafialny, wzmiankowany w ksi\u0119gach biskupich z roku 1370, a<\/p>\n<div class=\"more-link\">\n\t\t\t\t <a href=\"https:\/\/www.parafiakonarzewo.pl\/index.php\/historia-parafii\/\" class=\"btn theme-btn inverted\"><span>Read More <\/span><\/a>\n\t\t\t<\/div>\n","protected":false},"author":1,"featured_media":0,"parent":0,"menu_order":0,"comment_status":"closed","ping_status":"closed","template":"","meta":{"footnotes":""},"class_list":["post-42","page","type-page","status-publish","hentry"],"_links":{"self":[{"href":"https:\/\/www.parafiakonarzewo.pl\/index.php\/wp-json\/wp\/v2\/pages\/42","targetHints":{"allow":["GET"]}}],"collection":[{"href":"https:\/\/www.parafiakonarzewo.pl\/index.php\/wp-json\/wp\/v2\/pages"}],"about":[{"href":"https:\/\/www.parafiakonarzewo.pl\/index.php\/wp-json\/wp\/v2\/types\/page"}],"author":[{"embeddable":true,"href":"https:\/\/www.parafiakonarzewo.pl\/index.php\/wp-json\/wp\/v2\/users\/1"}],"replies":[{"embeddable":true,"href":"https:\/\/www.parafiakonarzewo.pl\/index.php\/wp-json\/wp\/v2\/comments?post=42"}],"version-history":[{"count":1,"href":"https:\/\/www.parafiakonarzewo.pl\/index.php\/wp-json\/wp\/v2\/pages\/42\/revisions"}],"predecessor-version":[{"id":43,"href":"https:\/\/www.parafiakonarzewo.pl\/index.php\/wp-json\/wp\/v2\/pages\/42\/revisions\/43"}],"wp:attachment":[{"href":"https:\/\/www.parafiakonarzewo.pl\/index.php\/wp-json\/wp\/v2\/media?parent=42"}],"curies":[{"name":"wp","href":"https:\/\/api.w.org\/{rel}","templated":true}]}}