{"id":24,"date":"2025-09-18T04:58:25","date_gmt":"2025-09-18T04:58:25","guid":{"rendered":"https:\/\/www.parafiakonarzewo.pl\/?page_id=24"},"modified":"2025-09-18T05:34:48","modified_gmt":"2025-09-18T05:34:48","slug":"dom-rekolekcyjny","status":"publish","type":"page","link":"https:\/\/www.parafiakonarzewo.pl\/index.php\/dom-rekolekcyjny\/","title":{"rendered":"Dom rekolekcyjny"},"content":{"rendered":"\n<p>&nbsp;Rezerwacje termin\u00f3w w o\u015brodku rekolekcyjnym mo\u017cna dokona\u0107 telefonicznie, dzwoni\u0105c pod numer 61 814 80 41.<\/p>\n\n\n\n<p><strong>Serdecznie zapraszamy m\u0142odzie\u017c wraz z opiekunami do naszego parafialnego Domu Rekolekcyjnego!<\/strong><\/p>\n\n\n\n<p>Historia o\u015brodka rekolekcyjnego przy naszej parafii rozpocz\u0119\u0142a si\u0119 przed niemal czterema dekadami, gdy ks. Stanis\u0142aw Hartlieb przebudowa\u0142 istniej\u0105ce zabudowania gospodarcze i zaadoptowa\u0142 je na potrzeby rekolekcji Ruchu \u015awiat\u0142o &#8211; \u017bycie. Obecnie nasz Dom Rekolekcyjny <strong>s\u0142u\u017cy nade wszystko m\u0142odzie\u017cy<\/strong>, przybywaj\u0105cej tu z duszpasterzami na rekolekcje i dni skupienia, warsztaty liturgiczne i muzyczne, weekendowe spotkania integracyjne grup parafialnych.<\/p>\n\n\n\n<p>O\u015brodek rekolekcyjny dysponuje 40 miejscami noclegowymi (w pokojach 2 i 4 osobowych)<\/p>\n\n\n\n<ol class=\"wp-block-list\">\n<li>9 pokoi 3-osobowych,<\/li>\n\n\n\n<li>6 pokoi 2-osobowych<\/li>\n\n\n\n<li>1 pok\u00f3j jednoosobowy.<\/li>\n<\/ol>\n\n\n\n<p>Korzystaj\u0105cy z naszej go\u015bciny w O\u015brodku mog\u0105 korzysta\u0107 z sal przeznaczonych na spotkania:<\/p>\n\n\n\n<ol class=\"wp-block-list\">\n<li>Du\u017ca jadalnia (50 miejsc) z kominkiem oraz z zapleczem kuchennym (bez mo\u017cliwo\u015bci gotowania)<\/li>\n\n\n\n<li>Salka animatorska (14 miejsc)<\/li>\n\n\n\n<li>Hall na g\u00f3rze &#8211; fotele (oko\u0142o 14 miejsc)<\/li>\n\n\n\n<li>Salka &#8211; &#8220;Laboratorium wiary \u015bw. Jana Paw\u0142a II&#8221; (30 miejsc)<\/li>\n<\/ol>\n\n\n\n<p>O\u015brodek rekolekcyjny wyposa\u017cony jest tak\u017ce w zaplecze sportowe:<\/p>\n\n\n\n<ol class=\"wp-block-list\">\n<li>St\u00f3\u0142 bilardowy<\/li>\n\n\n\n<li>Boisko do pi\u0142ki no\u017cnej<\/li>\n\n\n\n<li>Boisko do siatk\u00f3wki<\/li>\n\n\n\n<li>Boisko do koszyk\u00f3wki<\/li>\n<\/ol>\n\n\n\n<p>Rekreacji i wsp\u00f3lnemu sp\u0119dzaniu czasu s\u0142u\u017cy\u0107 mog\u0105 tak\u017ce grill, miejsce na ognisko i estrada w plenerze.<\/p>\n\n\n\n<figure class=\"wp-block-gallery has-nested-images columns-3 is-cropped wp-block-gallery-1 is-layout-flex wp-block-gallery-is-layout-flex\">\n<figure class=\"wp-block-image size-full\"><img loading=\"lazy\" decoding=\"async\" width=\"110\" height=\"110\" data-id=\"34\" src=\"https:\/\/www.parafiakonarzewo.pl\/wp-content\/uploads\/2025\/09\/osrodek-032-110x110-1.jpg\" alt=\"\" class=\"wp-image-34\"\/><\/figure>\n\n\n\n<figure class=\"wp-block-image size-full\"><img loading=\"lazy\" decoding=\"async\" width=\"110\" height=\"110\" data-id=\"33\" src=\"https:\/\/www.parafiakonarzewo.pl\/wp-content\/uploads\/2025\/09\/osrodek-029-110x110-1.jpg\" alt=\"\" class=\"wp-image-33\"\/><\/figure>\n\n\n\n<figure class=\"wp-block-image size-full\"><img loading=\"lazy\" decoding=\"async\" width=\"110\" height=\"110\" data-id=\"32\" src=\"https:\/\/www.parafiakonarzewo.pl\/wp-content\/uploads\/2025\/09\/osrodek-020-110x110-1.jpg\" alt=\"\" class=\"wp-image-32\"\/><\/figure>\n\n\n\n<figure class=\"wp-block-image size-full\"><img loading=\"lazy\" decoding=\"async\" width=\"110\" height=\"110\" data-id=\"31\" src=\"https:\/\/www.parafiakonarzewo.pl\/wp-content\/uploads\/2025\/09\/osrodek-016-110x110-1.jpg\" alt=\"\" class=\"wp-image-31\"\/><\/figure>\n\n\n\n<figure class=\"wp-block-image size-full\"><img loading=\"lazy\" decoding=\"async\" width=\"110\" height=\"110\" data-id=\"30\" src=\"https:\/\/www.parafiakonarzewo.pl\/wp-content\/uploads\/2025\/09\/osrodek-008-110x110-1.jpg\" alt=\"\" class=\"wp-image-30\"\/><\/figure>\n\n\n\n<figure class=\"wp-block-image size-full\"><img loading=\"lazy\" decoding=\"async\" width=\"110\" height=\"110\" data-id=\"29\" src=\"https:\/\/www.parafiakonarzewo.pl\/wp-content\/uploads\/2025\/09\/osrodek-006-110x110-1.jpg\" alt=\"\" class=\"wp-image-29\"\/><\/figure>\n<\/figure>\n\n\n\n<p>Zapraszamy <strong>ko\u015bcielne grupy zorganizowane<\/strong> poszukuj\u0105ce miejsca modlitwy, spokoju i integracji w go\u015bcin\u0119 do Konarzewa! Rezerwacje termin\u00f3w w o\u015brodku rekolekcyjnym mo\u017cna dokona\u0107 telefonicznie, dzwoni\u0105c pod numer 61 814 80 41<\/p>\n\n\n<div class=\"wp-block-image\">\n<figure class=\"aligncenter\"><a href=\"http:\/\/www.parafiakonarzewo.pl\/parafia\/sakramenty\/malzenstwo\/weekendowe-katechezy-przedmalzenskie\"><img decoding=\"async\" src=\"http:\/\/www.parafiakonarzewo.pl\/wp-content\/uploads\/2025\/09\/Narzeczeni-510x233.jpg\" alt=\"Narzeczeni\" class=\"wp-image-2957\"\/><\/a><\/figure>\n<\/div>","protected":false},"excerpt":{"rendered":"<p>&nbsp;Rezerwacje termin\u00f3w w o\u015brodku rekolekcyjnym mo\u017cna dokona\u0107 telefonicznie, dzwoni\u0105c pod numer 61 814 80 41. Serdecznie zapraszamy m\u0142odzie\u017c wraz z opiekunami do naszego parafialnego Domu Rekolekcyjnego! Historia o\u015brodka rekolekcyjnego przy naszej parafii rozpocz\u0119\u0142a si\u0119 przed niemal czterema dekadami, gdy ks. Stanis\u0142aw Hartlieb przebudowa\u0142 istniej\u0105ce zabudowania gospodarcze i zaadoptowa\u0142 je na potrzeby rekolekcji Ruchu \u015awiat\u0142o &#8211;<\/p>\n<div class=\"more-link\">\n\t\t\t\t <a href=\"https:\/\/www.parafiakonarzewo.pl\/index.php\/dom-rekolekcyjny\/\" class=\"btn theme-btn inverted\"><span>Read More <\/span><\/a>\n\t\t\t<\/div>\n","protected":false},"author":1,"featured_media":0,"parent":0,"menu_order":0,"comment_status":"closed","ping_status":"closed","template":"","meta":{"footnotes":""},"class_list":["post-24","page","type-page","status-publish","hentry"],"_links":{"self":[{"href":"https:\/\/www.parafiakonarzewo.pl\/index.php\/wp-json\/wp\/v2\/pages\/24","targetHints":{"allow":["GET"]}}],"collection":[{"href":"https:\/\/www.parafiakonarzewo.pl\/index.php\/wp-json\/wp\/v2\/pages"}],"about":[{"href":"https:\/\/www.parafiakonarzewo.pl\/index.php\/wp-json\/wp\/v2\/types\/page"}],"author":[{"embeddable":true,"href":"https:\/\/www.parafiakonarzewo.pl\/index.php\/wp-json\/wp\/v2\/users\/1"}],"replies":[{"embeddable":true,"href":"https:\/\/www.parafiakonarzewo.pl\/index.php\/wp-json\/wp\/v2\/comments?post=24"}],"version-history":[{"count":4,"href":"https:\/\/www.parafiakonarzewo.pl\/index.php\/wp-json\/wp\/v2\/pages\/24\/revisions"}],"predecessor-version":[{"id":118,"href":"https:\/\/www.parafiakonarzewo.pl\/index.php\/wp-json\/wp\/v2\/pages\/24\/revisions\/118"}],"wp:attachment":[{"href":"https:\/\/www.parafiakonarzewo.pl\/index.php\/wp-json\/wp\/v2\/media?parent=24"}],"curies":[{"name":"wp","href":"https:\/\/api.w.org\/{rel}","templated":true}]}}