{"id":103,"date":"2025-09-18T05:28:27","date_gmt":"2025-09-18T05:28:27","guid":{"rendered":"https:\/\/www.parafiakonarzewo.pl\/?page_id=103"},"modified":"2025-09-18T05:28:27","modified_gmt":"2025-09-18T05:28:27","slug":"sakramenty","status":"publish","type":"page","link":"https:\/\/www.parafiakonarzewo.pl\/index.php\/sakramenty\/","title":{"rendered":"Sakramenty"},"content":{"rendered":"\n<p>Sakramenty \u015awi\u0119te zosta\u0142y ustanowione przez Chrystusa. Jest ich siedem:<\/p>\n\n\n\n<ol class=\"wp-block-list\">\n<li><a href=\"http:\/\/www.parafiakonarzewo.pl\/parafia\/sakramenty\/chrzest\">chrzest<\/a>,<\/li>\n\n\n\n<li><a href=\"http:\/\/www.parafiakonarzewo.pl\/parafia\/sakramenty\/bierzmowanie\">bierzmowanie<\/a>,<\/li>\n\n\n\n<li><a href=\"http:\/\/www.parafiakonarzewo.pl\/parafia\/sakramenty\/eucharystia\">Eucharystia<\/a>,<\/li>\n\n\n\n<li><a href=\"http:\/\/www.parafiakonarzewo.pl\/parafia\/sakramenty\/spowiedz\">pokuta<\/a>,<\/li>\n\n\n\n<li>namaszczenie chorych,<\/li>\n\n\n\n<li>sakrament \u015bwi\u0119ce\u0144<\/li>\n\n\n\n<li><a href=\"http:\/\/www.parafiakonarzewo.pl\/parafia\/sakramenty\/spowiedz\">ma\u0142\u017ce\u0144stwo<\/a>.<\/li>\n<\/ol>\n\n\n\n<p>Sakramenty te obejmuj\u0105 wszystkie etapy i wszystkie wa\u017cne momenty \u017cycia chrze\u015bcijanina: sprawiaj\u0105 narodzenie i rozw\u00f3j chrze\u015bcija\u0144skiego \u017cycia wiary, uzdrowienie i dar pos\u0142ania. Wida\u0107 w tym pewne podobie\u0144stwo, jakie istnieje mi\u0119dzy etapami \u017cycia naturalnego a etapami \u017cycia duchowego.<\/p>\n\n\n\n<p>Sakramenty tworz\u0105 pewn\u0105 struktur\u0119, w kt\u00f3rej ka\u017cdy z nich ma swoje \u017cywotne miejsce. W tej strukturze Eucharystia zajmuje wyj\u0105tkowe miejsce jako &#8220;sakrament sakrament\u00f3w&#8221;: &nbsp;Wszystkie inne sakramenty s\u0105 skierowane do niej jak do swego celu. Wyr\u00f3\u017cniamy:<\/p>\n\n\n\n<ol class=\"wp-block-list\">\n<li>sakramenty wtajemniczenia chrze\u015bcija\u0144skiego (chrzest, bierzmowanie, eucharystia)<\/li>\n\n\n\n<li>sakramenty uzdrowienia (namaszczenie chorych i pokuta<\/li>\n\n\n\n<li>sakramenty s\u0142u\u017c\u0105ce komunii i pos\u0142aniu wiernych (ma\u0142\u017ce\u0144stwo i kap\u0142a\u0144stwo)<\/li>\n<\/ol>\n","protected":false},"excerpt":{"rendered":"<p>Sakramenty \u015awi\u0119te zosta\u0142y ustanowione przez Chrystusa. Jest ich siedem: Sakramenty te obejmuj\u0105 wszystkie etapy i wszystkie wa\u017cne momenty \u017cycia chrze\u015bcijanina: sprawiaj\u0105 narodzenie i rozw\u00f3j chrze\u015bcija\u0144skiego \u017cycia wiary, uzdrowienie i dar pos\u0142ania. Wida\u0107 w tym pewne podobie\u0144stwo, jakie istnieje mi\u0119dzy etapami \u017cycia naturalnego a etapami \u017cycia duchowego. Sakramenty tworz\u0105 pewn\u0105 struktur\u0119, w kt\u00f3rej ka\u017cdy z nich<\/p>\n<div class=\"more-link\">\n\t\t\t\t <a href=\"https:\/\/www.parafiakonarzewo.pl\/index.php\/sakramenty\/\" class=\"btn theme-btn inverted\"><span>Read More <\/span><\/a>\n\t\t\t<\/div>\n","protected":false},"author":1,"featured_media":0,"parent":0,"menu_order":0,"comment_status":"closed","ping_status":"closed","template":"","meta":{"footnotes":""},"class_list":["post-103","page","type-page","status-publish","hentry"],"_links":{"self":[{"href":"https:\/\/www.parafiakonarzewo.pl\/index.php\/wp-json\/wp\/v2\/pages\/103","targetHints":{"allow":["GET"]}}],"collection":[{"href":"https:\/\/www.parafiakonarzewo.pl\/index.php\/wp-json\/wp\/v2\/pages"}],"about":[{"href":"https:\/\/www.parafiakonarzewo.pl\/index.php\/wp-json\/wp\/v2\/types\/page"}],"author":[{"embeddable":true,"href":"https:\/\/www.parafiakonarzewo.pl\/index.php\/wp-json\/wp\/v2\/users\/1"}],"replies":[{"embeddable":true,"href":"https:\/\/www.parafiakonarzewo.pl\/index.php\/wp-json\/wp\/v2\/comments?post=103"}],"version-history":[{"count":1,"href":"https:\/\/www.parafiakonarzewo.pl\/index.php\/wp-json\/wp\/v2\/pages\/103\/revisions"}],"predecessor-version":[{"id":104,"href":"https:\/\/www.parafiakonarzewo.pl\/index.php\/wp-json\/wp\/v2\/pages\/103\/revisions\/104"}],"wp:attachment":[{"href":"https:\/\/www.parafiakonarzewo.pl\/index.php\/wp-json\/wp\/v2\/media?parent=103"}],"curies":[{"name":"wp","href":"https:\/\/api.w.org\/{rel}","templated":true}]}}