{"id":101,"date":"2025-09-18T05:28:09","date_gmt":"2025-09-18T05:28:09","guid":{"rendered":"https:\/\/www.parafiakonarzewo.pl\/?page_id=101"},"modified":"2025-09-18T05:28:09","modified_gmt":"2025-09-18T05:28:09","slug":"sakrament-swiecen","status":"publish","type":"page","link":"https:\/\/www.parafiakonarzewo.pl\/index.php\/sakrament-swiecen\/","title":{"rendered":"Sakrament \u015bwi\u0119ce\u0144"},"content":{"rendered":"\n<p>Kap\u0142ani wywodz\u0105cy si\u0119 z naszej parafii po roku 1945:<\/p>\n\n\n\n<ul class=\"wp-block-list\">\n<li>ks. Mieczys\u0142aw Urbaniak z Konarzewa, wy\u015bwi\u0119cony w 1987 r.<\/li>\n\n\n\n<li>ks. Maciej Piaskowski Tchr z Konarzewa, wy\u015bwi\u0119cony w 2003 r.<\/li>\n\n\n\n<li>ks. Krystian Sammler z Trzcielina, wy\u015bwi\u0119cony w 2010 r.<\/li>\n\n\n\n<li>ks. Adrian Przybecki z Konarzewa, wy\u015bwi\u0119cony w 2010 r.<\/li>\n\n\n\n<li>ks. Damian Dudkowiak z Trzcielina, wy\u015bwi\u0119cony w 2016 r.<\/li>\n\n\n\n<li>ks. Krzysztof Dopiera\u0142a z Dopiewca, wy\u015bwi\u0119cony w 2021 r.<\/li>\n<\/ul>\n\n\n\n<p><\/p>\n","protected":false},"excerpt":{"rendered":"<p>Kap\u0142ani wywodz\u0105cy si\u0119 z naszej parafii po roku 1945:<\/p>\n","protected":false},"author":1,"featured_media":0,"parent":0,"menu_order":0,"comment_status":"closed","ping_status":"closed","template":"","meta":{"footnotes":""},"class_list":["post-101","page","type-page","status-publish","hentry"],"_links":{"self":[{"href":"https:\/\/www.parafiakonarzewo.pl\/index.php\/wp-json\/wp\/v2\/pages\/101","targetHints":{"allow":["GET"]}}],"collection":[{"href":"https:\/\/www.parafiakonarzewo.pl\/index.php\/wp-json\/wp\/v2\/pages"}],"about":[{"href":"https:\/\/www.parafiakonarzewo.pl\/index.php\/wp-json\/wp\/v2\/types\/page"}],"author":[{"embeddable":true,"href":"https:\/\/www.parafiakonarzewo.pl\/index.php\/wp-json\/wp\/v2\/users\/1"}],"replies":[{"embeddable":true,"href":"https:\/\/www.parafiakonarzewo.pl\/index.php\/wp-json\/wp\/v2\/comments?post=101"}],"version-history":[{"count":1,"href":"https:\/\/www.parafiakonarzewo.pl\/index.php\/wp-json\/wp\/v2\/pages\/101\/revisions"}],"predecessor-version":[{"id":102,"href":"https:\/\/www.parafiakonarzewo.pl\/index.php\/wp-json\/wp\/v2\/pages\/101\/revisions\/102"}],"wp:attachment":[{"href":"https:\/\/www.parafiakonarzewo.pl\/index.php\/wp-json\/wp\/v2\/media?parent=101"}],"curies":[{"name":"wp","href":"https:\/\/api.w.org\/{rel}","templated":true}]}}